{"id":209,"date":"2022-10-10T15:20:43","date_gmt":"2022-10-10T15:20:43","guid":{"rendered":"https:\/\/mdiwp.webs.upv.es\/21\/contact\/"},"modified":"2025-07-03T11:24:26","modified_gmt":"2025-07-03T11:24:26","slug":"contact","status":"publish","type":"page","link":"https:\/\/mdiwps.webs.upv.es\/17\/contact\/","title":{"rendered":"CONTACT"},"content":{"rendered":"\t\t<div data-elementor-type=\"wp-page\" data-elementor-id=\"209\" class=\"elementor elementor-209\">\n\t\t\t\t\t\t<section class=\"elementor-section elementor-top-section elementor-element elementor-element-540123a elementor-section-boxed elementor-section-height-default elementor-section-height-default\" data-id=\"540123a\" data-element_type=\"section\" data-e-type=\"section\">\n\t\t\t\t\t\t<div class=\"elementor-container elementor-column-gap-default\">\n\t\t\t\t\t<div class=\"elementor-column elementor-col-100 elementor-top-column elementor-element elementor-element-2b632cf\" data-id=\"2b632cf\" data-element_type=\"column\" data-e-type=\"column\">\n\t\t\t<div class=\"elementor-widget-wrap\">\n\t\t\t\t\t\t\t<\/div>\n\t\t<\/div>\n\t\t\t\t\t<\/div>\n\t\t<\/section>\n\t\t\t\t<section class=\"elementor-section elementor-top-section elementor-element elementor-element-3664d25 elementor-section-boxed elementor-section-height-default elementor-section-height-default\" data-id=\"3664d25\" data-element_type=\"section\" data-e-type=\"section\">\n\t\t\t\t\t\t<div class=\"elementor-container elementor-column-gap-default\">\n\t\t\t\t\t<div class=\"elementor-column elementor-col-100 elementor-top-column elementor-element elementor-element-6757b8c\" data-id=\"6757b8c\" data-element_type=\"column\" data-e-type=\"column\">\n\t\t\t<div class=\"elementor-widget-wrap elementor-element-populated\">\n\t\t\t\t\t\t<div class=\"elementor-element elementor-element-f18124f elementor-widget elementor-widget-spacer\" data-id=\"f18124f\" data-element_type=\"widget\" data-e-type=\"widget\" data-widget_type=\"spacer.default\">\n\t\t\t\t<div class=\"elementor-widget-container\">\n\t\t\t\t\t\t\t<div class=\"elementor-spacer\">\n\t\t\t<div class=\"elementor-spacer-inner\"><\/div>\n\t\t<\/div>\n\t\t\t\t\t\t<\/div>\n\t\t\t\t<\/div>\n\t\t\t\t\t<\/div>\n\t\t<\/div>\n\t\t\t\t\t<\/div>\n\t\t<\/section>\n\t\t\t\t<section class=\"elementor-section elementor-top-section elementor-element elementor-element-62ff04c elementor-section-boxed elementor-section-height-default elementor-section-height-default\" data-id=\"62ff04c\" data-element_type=\"section\" data-e-type=\"section\">\n\t\t\t\t\t\t<div class=\"elementor-container elementor-column-gap-default\">\n\t\t\t\t\t<div class=\"elementor-column elementor-col-100 elementor-top-column elementor-element elementor-element-0a1617e\" data-id=\"0a1617e\" data-element_type=\"column\" data-e-type=\"column\">\n\t\t\t<div class=\"elementor-widget-wrap elementor-element-populated\">\n\t\t\t\t\t\t<div class=\"elementor-element elementor-element-e2eec00 elementor-widget elementor-widget-text-editor\" data-id=\"e2eec00\" data-element_type=\"widget\" data-e-type=\"widget\" data-widget_type=\"text-editor.default\">\n\t\t\t\t<div class=\"elementor-widget-container\">\n\t\t\t\t\t\t\t\t\t<h3 data-start=\"107\" data-end=\"393\">\u00bfHablamos?<\/h3><p data-start=\"107\" data-end=\"393\">Si te interesa colaborar, tienes una idea en mente o simplemente quieres saludar, estar\u00e9 encantado de leerte. Puedes escribirme por <span style=\"text-decoration: underline;\"><a class=\"\" href=\"https:\/\/www.instagram.com\/p.castillejos_\/\" rel=\"noopener\" data-start=\"258\" data-end=\"272\">Instagram<\/a><\/span>, <a class=\"\" href=\"https:\/\/www.behance.net\/pablocastill17\" rel=\"noopener\" data-start=\"274\" data-end=\"286\"><span style=\"text-decoration: underline;\">Behance<\/span><\/a> o enviarme un correo a <span style=\"text-decoration: underline;\"><a class=\"cursor-pointer\" rel=\"noopener\" data-start=\"310\" data-end=\"359\">pcastillejospc@gmail.com<\/a><\/span>.<\/p><p data-start=\"107\" data-end=\"393\">Si tienes un proyecto espec\u00edfico, m\u00e1s abajo encontrar\u00e1s un formulario para contarme todos los detalles. \u00a1Gracias por pasarte por aqu\u00ed!<\/p>\t\t\t\t\t\t\t\t<\/div>\n\t\t\t\t<\/div>\n\t\t\t\t\t<\/div>\n\t\t<\/div>\n\t\t\t\t\t<\/div>\n\t\t<\/section>\n\t\t\t\t<section class=\"elementor-section elementor-top-section elementor-element elementor-element-574ffbc elementor-section-boxed elementor-section-height-default elementor-section-height-default\" data-id=\"574ffbc\" data-element_type=\"section\" data-e-type=\"section\">\n\t\t\t\t\t\t<div class=\"elementor-container elementor-column-gap-default\">\n\t\t\t\t\t<div class=\"elementor-column elementor-col-50 elementor-top-column elementor-element elementor-element-8c595ba\" data-id=\"8c595ba\" data-element_type=\"column\" data-e-type=\"column\">\n\t\t\t<div class=\"elementor-widget-wrap elementor-element-populated\">\n\t\t\t\t\t\t<div class=\"elementor-element elementor-element-9884ff7 elementor-widget elementor-widget-spacer\" data-id=\"9884ff7\" data-element_type=\"widget\" data-e-type=\"widget\" data-widget_type=\"spacer.default\">\n\t\t\t\t<div class=\"elementor-widget-container\">\n\t\t\t\t\t\t\t<div class=\"elementor-spacer\">\n\t\t\t<div class=\"elementor-spacer-inner\"><\/div>\n\t\t<\/div>\n\t\t\t\t\t\t<\/div>\n\t\t\t\t<\/div>\n\t\t\t\t<div class=\"elementor-element elementor-element-3b5356a elementor-widget elementor-widget-spacer\" data-id=\"3b5356a\" data-element_type=\"widget\" data-e-type=\"widget\" data-widget_type=\"spacer.default\">\n\t\t\t\t<div class=\"elementor-widget-container\">\n\t\t\t\t\t\t\t<div class=\"elementor-spacer\">\n\t\t\t<div class=\"elementor-spacer-inner\"><\/div>\n\t\t<\/div>\n\t\t\t\t\t\t<\/div>\n\t\t\t\t<\/div>\n\t\t\t\t\t<\/div>\n\t\t<\/div>\n\t\t\t\t<div class=\"elementor-column elementor-col-50 elementor-top-column elementor-element elementor-element-f5125e3\" data-id=\"f5125e3\" data-element_type=\"column\" data-e-type=\"column\">\n\t\t\t<div class=\"elementor-widget-wrap elementor-element-populated\">\n\t\t\t\t\t\t<div class=\"elementor-element elementor-element-a8b03a1 elementor-widget elementor-widget-text-editor\" data-id=\"a8b03a1\" data-element_type=\"widget\" data-e-type=\"widget\" data-widget_type=\"text-editor.default\">\n\t\t\t\t<div class=\"elementor-widget-container\">\n\t\t\t\t\t\t\t\t\t<h5>FORMULARIO<\/h5>\t\t\t\t\t\t\t\t<\/div>\n\t\t\t\t<\/div>\n\t\t\t\t\t<\/div>\n\t\t<\/div>\n\t\t\t\t\t<\/div>\n\t\t<\/section>\n\t\t\t\t<section class=\"elementor-section elementor-top-section elementor-element elementor-element-6569641 elementor-section-boxed elementor-section-height-default elementor-section-height-default\" data-id=\"6569641\" data-element_type=\"section\" data-e-type=\"section\">\n\t\t\t\t\t\t<div class=\"elementor-container elementor-column-gap-default\">\n\t\t\t\t\t<div class=\"elementor-column elementor-col-100 elementor-top-column elementor-element elementor-element-720db25\" data-id=\"720db25\" data-element_type=\"column\" data-e-type=\"column\">\n\t\t\t<div class=\"elementor-widget-wrap elementor-element-populated\">\n\t\t\t\t\t\t<div class=\"elementor-element elementor-element-c0088b7 elementor-widget elementor-widget-spacer\" data-id=\"c0088b7\" data-element_type=\"widget\" data-e-type=\"widget\" data-widget_type=\"spacer.default\">\n\t\t\t\t<div class=\"elementor-widget-container\">\n\t\t\t\t\t\t\t<div class=\"elementor-spacer\">\n\t\t\t<div class=\"elementor-spacer-inner\"><\/div>\n\t\t<\/div>\n\t\t\t\t\t\t<\/div>\n\t\t\t\t<\/div>\n\t\t\t\t\t<\/div>\n\t\t<\/div>\n\t\t\t\t\t<\/div>\n\t\t<\/section>\n\t\t\t\t<section class=\"elementor-section elementor-top-section elementor-element elementor-element-c13ebfc elementor-section-boxed elementor-section-height-default elementor-section-height-default\" data-id=\"c13ebfc\" data-element_type=\"section\" data-e-type=\"section\">\n\t\t\t\t\t\t<div class=\"elementor-container elementor-column-gap-default\">\n\t\t\t\t\t<div class=\"elementor-column elementor-col-100 elementor-top-column elementor-element elementor-element-de74d6f\" data-id=\"de74d6f\" data-element_type=\"column\" data-e-type=\"column\">\n\t\t\t<div class=\"elementor-widget-wrap elementor-element-populated\">\n\t\t\t\t\t\t<div class=\"elementor-element elementor-element-6aa0b7f elementor-button-align-start elementor-widget__width-initial elementor-widget elementor-widget-bdt-contact-form\" data-id=\"6aa0b7f\" data-element_type=\"widget\" data-e-type=\"widget\" data-widget_type=\"bdt-contact-form.default\">\n\t\t\t\t<div class=\"elementor-widget-container\">\n\t\t\t\t\t\t\t<div class=\"bdt-contact-form bdt-contact-form-skin-default\">\n\t\t\t<div class=\"elementor-form-fields-wrapper\">\n\t\t\t\t\t\t<div class=\"bdt-contact-form-wrapper\">\n\t\t\t<form class=\"bdt-contact-form-form bdt-form-stacked bdt-grid bdt-grid-small without-recaptcha\" data-bdt-grid=\"\" action=\"https:\/\/mdiwps.webs.upv.es\/17\/wp-admin\/admin-ajax.php\" method=\"post\">\n\n\t\t\t\t\n\t\t\t\t\t<div class=\"bdt-field-group elementor-field-required bdt-width-1-2@m bdt-name-email-inline\">\n\t\t\t\t\t\t<label for=\"user_name6aa0b7f\" class=\"bdt-form-label\">Nombre y apellidos<\/label><div class=\"bdt-form-controls\"><input type=\"text\" name=\"name\" id=\"user_name6aa0b7f\" placeholder=\" \" class=\"bdt-input bdt-form-default\" required =\"required\"><\/div>\t\t\t\t\t<\/div>\n\n\t\t\t\t\t<div class=\"bdt-field-group elementor-field-required bdt-width-1-2@m bdt-name-email-inline\">\n\t\t\t\t\t\t<label for=\"email6aa0b7f\" class=\"bdt-form-label\">Email<\/label><div class=\"bdt-form-controls\"><input type=\"email\" name=\"email\" id=\"email6aa0b7f\" placeholder=\" \" class=\"bdt-input bdt-form-default\" required=\"required\"><\/div>\t\t\t\t\t<\/div>\n\n\t\t\t\t\t\t\t\t\t\t\t<div class=\"bdt-field-group bdt-width-1-1 elementor-field-required\">\n\t\t\t\t\t\t\t<label for=\"contact6aa0b7f\" class=\"bdt-form-label\">Especialidad del proyecto (BRANDING \/ IDENTIDAD VISUAL, packaging, editorial, interfaz, ilustraci\u00f3n)<\/label><div class=\"bdt-form-controls\"><input type=\"tel\" name=\"contact\" id=\"contact6aa0b7f\" placeholder=\" \" class=\"bdt-input bdt-form-default\"><\/div>\t\t\t\t\t\t<\/div>\n\t\t\t\t\t\n\t\t\t\t\t\t\t\t\t\t\t<div class=\"bdt-field-group bdt-width-1-1 elementor-field-required\">\n\t\t\t\t\t\t\t<label for=\"subject6aa0b7f\" class=\"bdt-form-label\">\u00bfCu\u00e1l es tu presupuesto para este proyecto?<\/label><div class=\"bdt-form-controls\"><input type=\"text\" name=\"subject\" id=\"subject6aa0b7f\" placeholder=\" \" class=\"bdt-input bdt-form-default\" required=\"required\"><\/div>\t\t\t\t\t\t<\/div>\n\t\t\t\t\t\n\t\t\t\t\t\n\t\t\t\t\t\t\t\t\t\t\t<div class=\"bdt-field-group bdt-width-1-1 elementor-field-required\">\n\t\t\t\t\t\t\t<label for=\"message6aa0b7f\" class=\"bdt-form-label\">\u00bfCu\u00e1l es tu marca? \u00bfEn qu\u00e9 consiste tu proyecto?<\/label><div class=\"bdt-form-controls\"><textarea name=\"message\" id=\"message6aa0b7f\" rows=\"5\" placeholder=\" \" class=\"bdt-textarea bdt-form-default\" required=\"required\"><\/textarea><\/div>\t\t\t\t\t\t<\/div>\n\t\t\t\t\t\n\t\t\t\t\t\t\t\t\t\t\t<div class=\"bdt-field-group bdt-width-1-1 elementor-field-required\">\n\t\t\t\t\t\t\t<span class=\"bdt-contact-form-additional-message\"><\/span>\n\t\t\t\t\t\t<\/div>\n\t\t\t\t\t\n\n\t\t\t\t\t\n\t\t\t\t\t\n\t\t\t\t\t<input type=\"hidden\" class=\"widget_id\" name=\"widget_id\" value=\"6aa0b7f\" \/>\n\t\t\t\t\t<input type=\"hidden\" name=\"bdt-sf-6aa0b7f\" value=\"true\" \/>\n\t\t\t\t\t<input type=\"hidden\" class=\"page_id\" name=\"page_id\" value=\"209\" \/>\n\n\t\t\t\t\t<div class=\"elementor-field-type-submit bdt-field-group bdt-flex bdt-width-1-1\">\n\t\t\t\t\t\t<button type=\"submit\" class=\"bdt-button-full-width elementor-button bdt-button bdt-button-primary\" name=\"submit\">\n\t\t\t\t\t\t\t\t\t\t\t\t\t\t\t<span>Enviar<\/span>\n\t\t\t\t\t\t\t\t\t\t\t\t\t<\/button>\n\t\t\t\t\t<\/div>\n\n\t\t\t\t\t<input name=\"_wpnonce\" value=\"aa7fdda5e4\" type=\"hidden\">\n\n\t\t\t\t\t<input type=\"hidden\" name=\"action\" value=\"element_pack_contact_form\" \/>\n\n\t\t\t\t\t\n\t\t\t<\/form>\n\t\t<\/div>\n\t\t\t<\/div>\n\t\t<\/div>\n\t\t\t\t\t<\/div>\n\t\t\t\t<\/div>\n\t\t\t\t\t<\/div>\n\t\t<\/div>\n\t\t\t\t\t<\/div>\n\t\t<\/section>\n\t\t\t\t<\/div>\n\t\t","protected":false},"excerpt":{"rendered":"<p>\u00bfHablamos? Si te interesa colaborar, tienes una idea en mente o simplemente quieres saludar, estar\u00e9 encantado de leerte. Puedes escribirme por Instagram, [&hellip;]<\/p>\n","protected":false},"author":2,"featured_media":0,"parent":0,"menu_order":0,"comment_status":"closed","ping_status":"closed","template":"","meta":{"footnotes":""},"class_list":["post-209","page","type-page","status-publish","hentry"],"yoast_head":"<!-- This site is optimized with the Yoast SEO plugin v27.3 - https:\/\/yoast.com\/product\/yoast-seo-wordpress\/ -->\n<title>CONTACT - PabloCastillejos<\/title>\n<meta name=\"description\" content=\"\u00a1Hola! Soy B\u00e0rbara, graduada en el Grado de Dise\u00f1o y Tecnolog\u00edas Creativas por la Universitat Polit\u00e8cnica de Val\u00e8ncia, y en el M\u00e1ster...\" \/>\n<meta name=\"robots\" content=\"noindex, follow, max-snippet:-1, max-image-preview:large, max-video-preview:-1\" \/>\n<meta property=\"og:locale\" content=\"es_ES\" \/>\n<meta property=\"og:type\" content=\"article\" \/>\n<meta property=\"og:title\" content=\"CONTACT - PabloCastillejos\" \/>\n<meta property=\"og:description\" content=\"\u00a1Hola! Soy B\u00e0rbara, graduada en el Grado de Dise\u00f1o y Tecnolog\u00edas Creativas por la Universitat Polit\u00e8cnica de Val\u00e8ncia, y en el M\u00e1ster...\" \/>\n<meta property=\"og:url\" content=\"https:\/\/mdiwps.webs.upv.es\/17\/contact\/\" \/>\n<meta property=\"og:site_name\" content=\"PabloCastillejos\" \/>\n<meta property=\"article:modified_time\" content=\"2025-07-03T11:24:26+00:00\" \/>\n<meta name=\"twitter:card\" content=\"summary_large_image\" \/>\n<meta name=\"twitter:label1\" content=\"Tiempo de lectura\" \/>\n\t<meta name=\"twitter:data1\" content=\"1 minuto\" \/>\n<script type=\"application\/ld+json\" class=\"yoast-schema-graph\">{\"@context\":\"https:\\\/\\\/schema.org\",\"@graph\":[{\"@type\":\"WebPage\",\"@id\":\"https:\\\/\\\/mdiwps.webs.upv.es\\\/17\\\/contact\\\/\",\"url\":\"https:\\\/\\\/mdiwps.webs.upv.es\\\/17\\\/contact\\\/\",\"name\":\"CONTACT - PabloCastillejos\",\"isPartOf\":{\"@id\":\"https:\\\/\\\/mdiwps.webs.upv.es\\\/17\\\/#website\"},\"datePublished\":\"2022-10-10T15:20:43+00:00\",\"dateModified\":\"2025-07-03T11:24:26+00:00\",\"description\":\"\u00a1Hola! Soy B\u00e0rbara, graduada en el Grado de Dise\u00f1o y Tecnolog\u00edas Creativas por la Universitat Polit\u00e8cnica de Val\u00e8ncia, y en el M\u00e1ster...\",\"breadcrumb\":{\"@id\":\"https:\\\/\\\/mdiwps.webs.upv.es\\\/17\\\/contact\\\/#breadcrumb\"},\"inLanguage\":\"es\",\"potentialAction\":[{\"@type\":\"ReadAction\",\"target\":[\"https:\\\/\\\/mdiwps.webs.upv.es\\\/17\\\/contact\\\/\"]}]},{\"@type\":\"BreadcrumbList\",\"@id\":\"https:\\\/\\\/mdiwps.webs.upv.es\\\/17\\\/contact\\\/#breadcrumb\",\"itemListElement\":[{\"@type\":\"ListItem\",\"position\":1,\"name\":\"Portada\",\"item\":\"https:\\\/\\\/mdiwps.webs.upv.es\\\/17\\\/\"},{\"@type\":\"ListItem\",\"position\":2,\"name\":\"CONTACT\"}]},{\"@type\":\"WebSite\",\"@id\":\"https:\\\/\\\/mdiwps.webs.upv.es\\\/17\\\/#website\",\"url\":\"https:\\\/\\\/mdiwps.webs.upv.es\\\/17\\\/\",\"name\":\"Larissa Leon\",\"description\":\"Dise\u00f1o gr\u00e1fico | Branding\",\"publisher\":{\"@id\":\"https:\\\/\\\/mdiwps.webs.upv.es\\\/17\\\/#\\\/schema\\\/person\\\/0c387ee34e8c2e79da34c7b03f08c4f2\"},\"potentialAction\":[{\"@type\":\"SearchAction\",\"target\":{\"@type\":\"EntryPoint\",\"urlTemplate\":\"https:\\\/\\\/mdiwps.webs.upv.es\\\/17\\\/?s={search_term_string}\"},\"query-input\":{\"@type\":\"PropertyValueSpecification\",\"valueRequired\":true,\"valueName\":\"search_term_string\"}}],\"inLanguage\":\"es\"},{\"@type\":[\"Person\",\"Organization\"],\"@id\":\"https:\\\/\\\/mdiwps.webs.upv.es\\\/17\\\/#\\\/schema\\\/person\\\/0c387ee34e8c2e79da34c7b03f08c4f2\",\"name\":\"MDI Alumn\",\"image\":{\"@type\":\"ImageObject\",\"inLanguage\":\"es\",\"@id\":\"https:\\\/\\\/secure.gravatar.com\\\/avatar\\\/b9f2bc9be17c5b6494e3effa114865106c0c45082f08fcc28dcb45c8f95715b5?s=96&d=mm&r=g\",\"url\":\"https:\\\/\\\/secure.gravatar.com\\\/avatar\\\/b9f2bc9be17c5b6494e3effa114865106c0c45082f08fcc28dcb45c8f95715b5?s=96&d=mm&r=g\",\"contentUrl\":\"https:\\\/\\\/secure.gravatar.com\\\/avatar\\\/b9f2bc9be17c5b6494e3effa114865106c0c45082f08fcc28dcb45c8f95715b5?s=96&d=mm&r=g\",\"caption\":\"MDI Alumn\"},\"logo\":{\"@id\":\"https:\\\/\\\/secure.gravatar.com\\\/avatar\\\/b9f2bc9be17c5b6494e3effa114865106c0c45082f08fcc28dcb45c8f95715b5?s=96&d=mm&r=g\"}}]}<\/script>\n<!-- \/ Yoast SEO plugin. -->","yoast_head_json":{"title":"CONTACT - PabloCastillejos","description":"\u00a1Hola! Soy B\u00e0rbara, graduada en el Grado de Dise\u00f1o y Tecnolog\u00edas Creativas por la Universitat Polit\u00e8cnica de Val\u00e8ncia, y en el M\u00e1ster...","robots":{"index":"noindex","follow":"follow","max-snippet":"max-snippet:-1","max-image-preview":"max-image-preview:large","max-video-preview":"max-video-preview:-1"},"og_locale":"es_ES","og_type":"article","og_title":"CONTACT - PabloCastillejos","og_description":"\u00a1Hola! Soy B\u00e0rbara, graduada en el Grado de Dise\u00f1o y Tecnolog\u00edas Creativas por la Universitat Polit\u00e8cnica de Val\u00e8ncia, y en el M\u00e1ster...","og_url":"https:\/\/mdiwps.webs.upv.es\/17\/contact\/","og_site_name":"PabloCastillejos","article_modified_time":"2025-07-03T11:24:26+00:00","twitter_card":"summary_large_image","twitter_misc":{"Tiempo de lectura":"1 minuto"},"schema":{"@context":"https:\/\/schema.org","@graph":[{"@type":"WebPage","@id":"https:\/\/mdiwps.webs.upv.es\/17\/contact\/","url":"https:\/\/mdiwps.webs.upv.es\/17\/contact\/","name":"CONTACT - PabloCastillejos","isPartOf":{"@id":"https:\/\/mdiwps.webs.upv.es\/17\/#website"},"datePublished":"2022-10-10T15:20:43+00:00","dateModified":"2025-07-03T11:24:26+00:00","description":"\u00a1Hola! Soy B\u00e0rbara, graduada en el Grado de Dise\u00f1o y Tecnolog\u00edas Creativas por la Universitat Polit\u00e8cnica de Val\u00e8ncia, y en el M\u00e1ster...","breadcrumb":{"@id":"https:\/\/mdiwps.webs.upv.es\/17\/contact\/#breadcrumb"},"inLanguage":"es","potentialAction":[{"@type":"ReadAction","target":["https:\/\/mdiwps.webs.upv.es\/17\/contact\/"]}]},{"@type":"BreadcrumbList","@id":"https:\/\/mdiwps.webs.upv.es\/17\/contact\/#breadcrumb","itemListElement":[{"@type":"ListItem","position":1,"name":"Portada","item":"https:\/\/mdiwps.webs.upv.es\/17\/"},{"@type":"ListItem","position":2,"name":"CONTACT"}]},{"@type":"WebSite","@id":"https:\/\/mdiwps.webs.upv.es\/17\/#website","url":"https:\/\/mdiwps.webs.upv.es\/17\/","name":"Larissa Leon","description":"Dise\u00f1o gr\u00e1fico | Branding","publisher":{"@id":"https:\/\/mdiwps.webs.upv.es\/17\/#\/schema\/person\/0c387ee34e8c2e79da34c7b03f08c4f2"},"potentialAction":[{"@type":"SearchAction","target":{"@type":"EntryPoint","urlTemplate":"https:\/\/mdiwps.webs.upv.es\/17\/?s={search_term_string}"},"query-input":{"@type":"PropertyValueSpecification","valueRequired":true,"valueName":"search_term_string"}}],"inLanguage":"es"},{"@type":["Person","Organization"],"@id":"https:\/\/mdiwps.webs.upv.es\/17\/#\/schema\/person\/0c387ee34e8c2e79da34c7b03f08c4f2","name":"MDI Alumn","image":{"@type":"ImageObject","inLanguage":"es","@id":"https:\/\/secure.gravatar.com\/avatar\/b9f2bc9be17c5b6494e3effa114865106c0c45082f08fcc28dcb45c8f95715b5?s=96&d=mm&r=g","url":"https:\/\/secure.gravatar.com\/avatar\/b9f2bc9be17c5b6494e3effa114865106c0c45082f08fcc28dcb45c8f95715b5?s=96&d=mm&r=g","contentUrl":"https:\/\/secure.gravatar.com\/avatar\/b9f2bc9be17c5b6494e3effa114865106c0c45082f08fcc28dcb45c8f95715b5?s=96&d=mm&r=g","caption":"MDI Alumn"},"logo":{"@id":"https:\/\/secure.gravatar.com\/avatar\/b9f2bc9be17c5b6494e3effa114865106c0c45082f08fcc28dcb45c8f95715b5?s=96&d=mm&r=g"}}]}},"_links":{"self":[{"href":"https:\/\/mdiwps.webs.upv.es\/17\/wp-json\/wp\/v2\/pages\/209","targetHints":{"allow":["GET"]}}],"collection":[{"href":"https:\/\/mdiwps.webs.upv.es\/17\/wp-json\/wp\/v2\/pages"}],"about":[{"href":"https:\/\/mdiwps.webs.upv.es\/17\/wp-json\/wp\/v2\/types\/page"}],"author":[{"embeddable":true,"href":"https:\/\/mdiwps.webs.upv.es\/17\/wp-json\/wp\/v2\/users\/2"}],"replies":[{"embeddable":true,"href":"https:\/\/mdiwps.webs.upv.es\/17\/wp-json\/wp\/v2\/comments?post=209"}],"version-history":[{"count":0,"href":"https:\/\/mdiwps.webs.upv.es\/17\/wp-json\/wp\/v2\/pages\/209\/revisions"}],"wp:attachment":[{"href":"https:\/\/mdiwps.webs.upv.es\/17\/wp-json\/wp\/v2\/media?parent=209"}],"curies":[{"name":"wp","href":"https:\/\/api.w.org\/{rel}","templated":true}]}}