{"id":223,"date":"2023-06-07T17:18:30","date_gmt":"2023-06-07T17:18:30","guid":{"rendered":"https:\/\/mdiwp.webs.upv.es\/21\/?page_id=223"},"modified":"2025-07-02T11:43:55","modified_gmt":"2025-07-02T11:43:55","slug":"about","status":"publish","type":"page","link":"https:\/\/mdiwps.webs.upv.es\/17\/about\/","title":{"rendered":"ABOUT"},"content":{"rendered":"\t\t<div data-elementor-type=\"wp-page\" data-elementor-id=\"223\" class=\"elementor elementor-223\">\n\t\t\t\t\t\t<section class=\"elementor-section elementor-top-section elementor-element elementor-element-1d44f64 elementor-section-boxed elementor-section-height-default elementor-section-height-default\" data-id=\"1d44f64\" data-element_type=\"section\" data-e-type=\"section\">\n\t\t\t\t\t\t<div class=\"elementor-container elementor-column-gap-default\">\n\t\t\t\t\t<div class=\"elementor-column elementor-col-100 elementor-top-column elementor-element elementor-element-e54cb9c\" data-id=\"e54cb9c\" data-element_type=\"column\" data-e-type=\"column\">\n\t\t\t<div class=\"elementor-widget-wrap elementor-element-populated\">\n\t\t\t\t\t\t<div class=\"elementor-element elementor-element-4cfe16c elementor-widget elementor-widget-spacer\" data-id=\"4cfe16c\" data-element_type=\"widget\" data-e-type=\"widget\" data-widget_type=\"spacer.default\">\n\t\t\t\t<div class=\"elementor-widget-container\">\n\t\t\t\t\t\t\t<div class=\"elementor-spacer\">\n\t\t\t<div class=\"elementor-spacer-inner\"><\/div>\n\t\t<\/div>\n\t\t\t\t\t\t<\/div>\n\t\t\t\t<\/div>\n\t\t\t\t\t<\/div>\n\t\t<\/div>\n\t\t\t\t\t<\/div>\n\t\t<\/section>\n\t\t\t\t<section class=\"elementor-section elementor-top-section elementor-element elementor-element-7b28bb7 elementor-section-boxed elementor-section-height-default elementor-section-height-default\" data-id=\"7b28bb7\" data-element_type=\"section\" data-e-type=\"section\">\n\t\t\t\t\t\t<div class=\"elementor-container elementor-column-gap-no\">\n\t\t\t\t\t<div class=\"elementor-column elementor-col-50 elementor-top-column elementor-element elementor-element-9eff5d0\" data-id=\"9eff5d0\" data-element_type=\"column\" data-e-type=\"column\">\n\t\t\t<div class=\"elementor-widget-wrap elementor-element-populated\">\n\t\t\t\t\t\t<div class=\"elementor-element elementor-element-03b20d7 elementor-widget elementor-widget-image\" data-id=\"03b20d7\" data-element_type=\"widget\" data-e-type=\"widget\" data-widget_type=\"image.default\">\n\t\t\t\t<div class=\"elementor-widget-container\">\n\t\t\t\t\t\t\t\t\t\t\t\t\t\t\t<img fetchpriority=\"high\" decoding=\"async\" width=\"797\" height=\"1024\" src=\"https:\/\/mdiwps.webs.upv.es\/17\/wp-content\/uploads\/2025\/07\/foto_sobremi-797x1024.jpg\" class=\"attachment-large size-large wp-image-2443\" alt=\"\" srcset=\"https:\/\/mdiwps.webs.upv.es\/17\/wp-content\/uploads\/2025\/07\/foto_sobremi-797x1024.jpg 797w, https:\/\/mdiwps.webs.upv.es\/17\/wp-content\/uploads\/2025\/07\/foto_sobremi-234x300.jpg 234w, https:\/\/mdiwps.webs.upv.es\/17\/wp-content\/uploads\/2025\/07\/foto_sobremi-768x986.jpg 768w, https:\/\/mdiwps.webs.upv.es\/17\/wp-content\/uploads\/2025\/07\/foto_sobremi-1196x1536.jpg 1196w, https:\/\/mdiwps.webs.upv.es\/17\/wp-content\/uploads\/2025\/07\/foto_sobremi-506x650.jpg 506w, https:\/\/mdiwps.webs.upv.es\/17\/wp-content\/uploads\/2025\/07\/foto_sobremi.jpg 1333w\" sizes=\"(max-width: 797px) 100vw, 797px\" \/>\t\t\t\t\t\t\t\t\t\t\t\t\t\t\t<\/div>\n\t\t\t\t<\/div>\n\t\t\t\t\t<\/div>\n\t\t<\/div>\n\t\t\t\t<div class=\"elementor-column elementor-col-50 elementor-top-column elementor-element elementor-element-7e02d80\" data-id=\"7e02d80\" data-element_type=\"column\" data-e-type=\"column\">\n\t\t\t<div class=\"elementor-widget-wrap elementor-element-populated\">\n\t\t\t\t\t\t<div class=\"elementor-element elementor-element-341eafb elementor-widget elementor-widget-spacer\" data-id=\"341eafb\" data-element_type=\"widget\" data-e-type=\"widget\" data-widget_type=\"spacer.default\">\n\t\t\t\t<div class=\"elementor-widget-container\">\n\t\t\t\t\t\t\t<div class=\"elementor-spacer\">\n\t\t\t<div class=\"elementor-spacer-inner\"><\/div>\n\t\t<\/div>\n\t\t\t\t\t\t<\/div>\n\t\t\t\t<\/div>\n\t\t\t\t<div class=\"elementor-element elementor-element-22086e7 elementor-widget elementor-widget-text-editor\" data-id=\"22086e7\" data-element_type=\"widget\" data-e-type=\"widget\" data-widget_type=\"text-editor.default\">\n\t\t\t\t<div class=\"elementor-widget-container\">\n\t\t\t\t\t\t\t\t\t<h2>\u00a1Hola!<\/h2>\t\t\t\t\t\t\t\t<\/div>\n\t\t\t\t<\/div>\n\t\t\t\t<div class=\"elementor-element elementor-element-ab33c2b elementor-widget elementor-widget-text-editor\" data-id=\"ab33c2b\" data-element_type=\"widget\" data-e-type=\"widget\" data-widget_type=\"text-editor.default\">\n\t\t\t\t<div class=\"elementor-widget-container\">\n\t\t\t\t\t\t\t\t\t<h1>\u00a1Hola!<\/h1><p data-start=\"283\" data-end=\"507\">Hola, soy <strong data-start=\"293\" data-end=\"323\">Pablo Mart\u00ednez Castillejos<\/strong>, dise\u00f1ador gr\u00e1fico con base en Val\u00e8ncia. Soy graduado en <a href=\"https:\/\/www.upv.es\/entidades\/bbaa\/\"><strong>Bellas Artes<\/strong><\/a> por la <a href=\"https:\/\/www.upv.es\/\"><strong><em data-start=\"401\" data-end=\"438\">Universitat Polit\u00e8cnica de Val\u00e8ncia<\/em><\/strong><\/a>, donde tambi\u00e9n complet\u00e9 el <a href=\"https:\/\/mdi.upv.es\/\"><strong><em data-start=\"466\" data-end=\"506\">M\u00e1ster en Dise\u00f1o Gr\u00e1fico e Ilustraci\u00f3n<\/em><\/strong><\/a>.<\/p><p data-start=\"509\" data-end=\"868\">Me especializo en <strong data-start=\"527\" data-end=\"545\">dise\u00f1o gr\u00e1fico<\/strong>, <strong data-start=\"547\" data-end=\"560\">packaging<\/strong> y <strong data-start=\"563\" data-end=\"592\">branding\/identidad visual<\/strong>, y me apasiona crear soluciones visuales que conecten a las personas con las marcas de forma aut\u00e9ntica y efectiva. Valoro especialmente el equilibrio entre concepto y est\u00e9tica, y disfruto trabajando en proyectos que implican reflexi\u00f3n, narrativa visual y atenci\u00f3n al detalle.<\/p><p data-start=\"870\" data-end=\"1066\">Si te interesa conocer m\u00e1s sobre mi trabajo, visita la secci\u00f3n de <a href=\"https:\/\/mdiwps.webs.upv.es\/17\/portfolio-2\/\"><span style=\"text-decoration: underline;\">portfolio<\/span><\/a><a class=\"cursor-pointer\" href=\"https:\/\/mdiwps.webs.upv.es\/17\/\" rel=\"noopener\" data-start=\"930\" data-end=\"953\"><span style=\"text-decoration: underline;\">.<\/span><\/a> Para contactarme directamente, puedes hacerlo desde la p\u00e1gina de <span style=\"text-decoration: underline;\"><a href=\"https:\/\/mdiwps.webs.upv.es\/17\/contact\/\">contacto<\/a><\/span>.<\/p><p data-start=\"1068\" data-end=\"1189\">Tambi\u00e9n encontrar\u00e1s una selecci\u00f3n m\u00e1s amplia de mis proyectos en mi perfil de<a href=\"https:\/\/www.behance.net\/pablocastill17\"><span style=\"text-decoration: underline;\"> Behance<\/span><\/a>.<\/p>\t\t\t\t\t\t\t\t<\/div>\n\t\t\t\t<\/div>\n\t\t\t\t\t<\/div>\n\t\t<\/div>\n\t\t\t\t\t<\/div>\n\t\t<\/section>\n\t\t\t\t<\/div>\n\t\t","protected":false},"excerpt":{"rendered":"<p>\u00a1Hola! \u00a1Hola! Hola, soy Pablo Mart\u00ednez Castillejos, dise\u00f1ador gr\u00e1fico con base en Val\u00e8ncia. Soy graduado en Bellas Artes por la Universitat Polit\u00e8cnica [&hellip;]<\/p>\n","protected":false},"author":2,"featured_media":0,"parent":0,"menu_order":0,"comment_status":"closed","ping_status":"closed","template":"","meta":{"footnotes":""},"class_list":["post-223","page","type-page","status-publish","hentry"],"yoast_head":"<!-- This site is optimized with the Yoast SEO plugin v27.3 - https:\/\/yoast.com\/product\/yoast-seo-wordpress\/ -->\n<title>ABOUT - PabloCastillejos<\/title>\n<meta name=\"description\" content=\"\u00a1Hola! Soy B\u00e0rbara, graduada en el Grado de Dise\u00f1o y Tecnolog\u00edas Creativas por la Universitat Polit\u00e8cnica de Val\u00e8ncia, y en el M\u00e1ster...\" \/>\n<meta name=\"robots\" content=\"noindex, follow, max-snippet:-1, max-image-preview:large, max-video-preview:-1\" \/>\n<meta property=\"og:locale\" content=\"es_ES\" \/>\n<meta property=\"og:type\" content=\"article\" \/>\n<meta property=\"og:title\" content=\"ABOUT - PabloCastillejos\" \/>\n<meta property=\"og:description\" content=\"\u00a1Hola! Soy B\u00e0rbara, graduada en el Grado de Dise\u00f1o y Tecnolog\u00edas Creativas por la Universitat Polit\u00e8cnica de Val\u00e8ncia, y en el M\u00e1ster...\" \/>\n<meta property=\"og:url\" content=\"https:\/\/mdiwps.webs.upv.es\/17\/about\/\" \/>\n<meta property=\"og:site_name\" content=\"PabloCastillejos\" \/>\n<meta property=\"article:modified_time\" content=\"2025-07-02T11:43:55+00:00\" \/>\n<meta property=\"og:image\" content=\"https:\/\/mdiwps.webs.upv.es\/17\/wp-content\/uploads\/2025\/07\/foto_sobremi.jpg\" \/>\n\t<meta property=\"og:image:width\" content=\"1333\" \/>\n\t<meta property=\"og:image:height\" content=\"1712\" \/>\n\t<meta property=\"og:image:type\" content=\"image\/jpeg\" \/>\n<meta name=\"twitter:card\" content=\"summary_large_image\" \/>\n<meta name=\"twitter:label1\" content=\"Tiempo de lectura\" \/>\n\t<meta name=\"twitter:data1\" content=\"1 minuto\" \/>\n<script type=\"application\/ld+json\" class=\"yoast-schema-graph\">{\"@context\":\"https:\\\/\\\/schema.org\",\"@graph\":[{\"@type\":\"WebPage\",\"@id\":\"https:\\\/\\\/mdiwps.webs.upv.es\\\/17\\\/about\\\/\",\"url\":\"https:\\\/\\\/mdiwps.webs.upv.es\\\/17\\\/about\\\/\",\"name\":\"ABOUT - PabloCastillejos\",\"isPartOf\":{\"@id\":\"https:\\\/\\\/mdiwps.webs.upv.es\\\/17\\\/#website\"},\"primaryImageOfPage\":{\"@id\":\"https:\\\/\\\/mdiwps.webs.upv.es\\\/17\\\/about\\\/#primaryimage\"},\"image\":{\"@id\":\"https:\\\/\\\/mdiwps.webs.upv.es\\\/17\\\/about\\\/#primaryimage\"},\"thumbnailUrl\":\"https:\\\/\\\/mdiwps.webs.upv.es\\\/17\\\/wp-content\\\/uploads\\\/2025\\\/07\\\/foto_sobremi-797x1024.jpg\",\"datePublished\":\"2023-06-07T17:18:30+00:00\",\"dateModified\":\"2025-07-02T11:43:55+00:00\",\"description\":\"\u00a1Hola! Soy B\u00e0rbara, graduada en el Grado de Dise\u00f1o y Tecnolog\u00edas Creativas por la Universitat Polit\u00e8cnica de Val\u00e8ncia, y en el M\u00e1ster...\",\"breadcrumb\":{\"@id\":\"https:\\\/\\\/mdiwps.webs.upv.es\\\/17\\\/about\\\/#breadcrumb\"},\"inLanguage\":\"es\",\"potentialAction\":[{\"@type\":\"ReadAction\",\"target\":[\"https:\\\/\\\/mdiwps.webs.upv.es\\\/17\\\/about\\\/\"]}]},{\"@type\":\"ImageObject\",\"inLanguage\":\"es\",\"@id\":\"https:\\\/\\\/mdiwps.webs.upv.es\\\/17\\\/about\\\/#primaryimage\",\"url\":\"https:\\\/\\\/mdiwps.webs.upv.es\\\/17\\\/wp-content\\\/uploads\\\/2025\\\/07\\\/foto_sobremi.jpg\",\"contentUrl\":\"https:\\\/\\\/mdiwps.webs.upv.es\\\/17\\\/wp-content\\\/uploads\\\/2025\\\/07\\\/foto_sobremi.jpg\",\"width\":1333,\"height\":1712},{\"@type\":\"BreadcrumbList\",\"@id\":\"https:\\\/\\\/mdiwps.webs.upv.es\\\/17\\\/about\\\/#breadcrumb\",\"itemListElement\":[{\"@type\":\"ListItem\",\"position\":1,\"name\":\"Portada\",\"item\":\"https:\\\/\\\/mdiwps.webs.upv.es\\\/17\\\/\"},{\"@type\":\"ListItem\",\"position\":2,\"name\":\"ABOUT\"}]},{\"@type\":\"WebSite\",\"@id\":\"https:\\\/\\\/mdiwps.webs.upv.es\\\/17\\\/#website\",\"url\":\"https:\\\/\\\/mdiwps.webs.upv.es\\\/17\\\/\",\"name\":\"Larissa Leon\",\"description\":\"Dise\u00f1o gr\u00e1fico | Branding\",\"publisher\":{\"@id\":\"https:\\\/\\\/mdiwps.webs.upv.es\\\/17\\\/#\\\/schema\\\/person\\\/0c387ee34e8c2e79da34c7b03f08c4f2\"},\"potentialAction\":[{\"@type\":\"SearchAction\",\"target\":{\"@type\":\"EntryPoint\",\"urlTemplate\":\"https:\\\/\\\/mdiwps.webs.upv.es\\\/17\\\/?s={search_term_string}\"},\"query-input\":{\"@type\":\"PropertyValueSpecification\",\"valueRequired\":true,\"valueName\":\"search_term_string\"}}],\"inLanguage\":\"es\"},{\"@type\":[\"Person\",\"Organization\"],\"@id\":\"https:\\\/\\\/mdiwps.webs.upv.es\\\/17\\\/#\\\/schema\\\/person\\\/0c387ee34e8c2e79da34c7b03f08c4f2\",\"name\":\"MDI Alumn\",\"image\":{\"@type\":\"ImageObject\",\"inLanguage\":\"es\",\"@id\":\"https:\\\/\\\/secure.gravatar.com\\\/avatar\\\/b9f2bc9be17c5b6494e3effa114865106c0c45082f08fcc28dcb45c8f95715b5?s=96&d=mm&r=g\",\"url\":\"https:\\\/\\\/secure.gravatar.com\\\/avatar\\\/b9f2bc9be17c5b6494e3effa114865106c0c45082f08fcc28dcb45c8f95715b5?s=96&d=mm&r=g\",\"contentUrl\":\"https:\\\/\\\/secure.gravatar.com\\\/avatar\\\/b9f2bc9be17c5b6494e3effa114865106c0c45082f08fcc28dcb45c8f95715b5?s=96&d=mm&r=g\",\"caption\":\"MDI Alumn\"},\"logo\":{\"@id\":\"https:\\\/\\\/secure.gravatar.com\\\/avatar\\\/b9f2bc9be17c5b6494e3effa114865106c0c45082f08fcc28dcb45c8f95715b5?s=96&d=mm&r=g\"}}]}<\/script>\n<!-- \/ Yoast SEO plugin. -->","yoast_head_json":{"title":"ABOUT - PabloCastillejos","description":"\u00a1Hola! Soy B\u00e0rbara, graduada en el Grado de Dise\u00f1o y Tecnolog\u00edas Creativas por la Universitat Polit\u00e8cnica de Val\u00e8ncia, y en el M\u00e1ster...","robots":{"index":"noindex","follow":"follow","max-snippet":"max-snippet:-1","max-image-preview":"max-image-preview:large","max-video-preview":"max-video-preview:-1"},"og_locale":"es_ES","og_type":"article","og_title":"ABOUT - PabloCastillejos","og_description":"\u00a1Hola! Soy B\u00e0rbara, graduada en el Grado de Dise\u00f1o y Tecnolog\u00edas Creativas por la Universitat Polit\u00e8cnica de Val\u00e8ncia, y en el M\u00e1ster...","og_url":"https:\/\/mdiwps.webs.upv.es\/17\/about\/","og_site_name":"PabloCastillejos","article_modified_time":"2025-07-02T11:43:55+00:00","og_image":[{"width":1333,"height":1712,"url":"https:\/\/mdiwps.webs.upv.es\/17\/wp-content\/uploads\/2025\/07\/foto_sobremi.jpg","type":"image\/jpeg"}],"twitter_card":"summary_large_image","twitter_misc":{"Tiempo de lectura":"1 minuto"},"schema":{"@context":"https:\/\/schema.org","@graph":[{"@type":"WebPage","@id":"https:\/\/mdiwps.webs.upv.es\/17\/about\/","url":"https:\/\/mdiwps.webs.upv.es\/17\/about\/","name":"ABOUT - PabloCastillejos","isPartOf":{"@id":"https:\/\/mdiwps.webs.upv.es\/17\/#website"},"primaryImageOfPage":{"@id":"https:\/\/mdiwps.webs.upv.es\/17\/about\/#primaryimage"},"image":{"@id":"https:\/\/mdiwps.webs.upv.es\/17\/about\/#primaryimage"},"thumbnailUrl":"https:\/\/mdiwps.webs.upv.es\/17\/wp-content\/uploads\/2025\/07\/foto_sobremi-797x1024.jpg","datePublished":"2023-06-07T17:18:30+00:00","dateModified":"2025-07-02T11:43:55+00:00","description":"\u00a1Hola! Soy B\u00e0rbara, graduada en el Grado de Dise\u00f1o y Tecnolog\u00edas Creativas por la Universitat Polit\u00e8cnica de Val\u00e8ncia, y en el M\u00e1ster...","breadcrumb":{"@id":"https:\/\/mdiwps.webs.upv.es\/17\/about\/#breadcrumb"},"inLanguage":"es","potentialAction":[{"@type":"ReadAction","target":["https:\/\/mdiwps.webs.upv.es\/17\/about\/"]}]},{"@type":"ImageObject","inLanguage":"es","@id":"https:\/\/mdiwps.webs.upv.es\/17\/about\/#primaryimage","url":"https:\/\/mdiwps.webs.upv.es\/17\/wp-content\/uploads\/2025\/07\/foto_sobremi.jpg","contentUrl":"https:\/\/mdiwps.webs.upv.es\/17\/wp-content\/uploads\/2025\/07\/foto_sobremi.jpg","width":1333,"height":1712},{"@type":"BreadcrumbList","@id":"https:\/\/mdiwps.webs.upv.es\/17\/about\/#breadcrumb","itemListElement":[{"@type":"ListItem","position":1,"name":"Portada","item":"https:\/\/mdiwps.webs.upv.es\/17\/"},{"@type":"ListItem","position":2,"name":"ABOUT"}]},{"@type":"WebSite","@id":"https:\/\/mdiwps.webs.upv.es\/17\/#website","url":"https:\/\/mdiwps.webs.upv.es\/17\/","name":"Larissa Leon","description":"Dise\u00f1o gr\u00e1fico | Branding","publisher":{"@id":"https:\/\/mdiwps.webs.upv.es\/17\/#\/schema\/person\/0c387ee34e8c2e79da34c7b03f08c4f2"},"potentialAction":[{"@type":"SearchAction","target":{"@type":"EntryPoint","urlTemplate":"https:\/\/mdiwps.webs.upv.es\/17\/?s={search_term_string}"},"query-input":{"@type":"PropertyValueSpecification","valueRequired":true,"valueName":"search_term_string"}}],"inLanguage":"es"},{"@type":["Person","Organization"],"@id":"https:\/\/mdiwps.webs.upv.es\/17\/#\/schema\/person\/0c387ee34e8c2e79da34c7b03f08c4f2","name":"MDI Alumn","image":{"@type":"ImageObject","inLanguage":"es","@id":"https:\/\/secure.gravatar.com\/avatar\/b9f2bc9be17c5b6494e3effa114865106c0c45082f08fcc28dcb45c8f95715b5?s=96&d=mm&r=g","url":"https:\/\/secure.gravatar.com\/avatar\/b9f2bc9be17c5b6494e3effa114865106c0c45082f08fcc28dcb45c8f95715b5?s=96&d=mm&r=g","contentUrl":"https:\/\/secure.gravatar.com\/avatar\/b9f2bc9be17c5b6494e3effa114865106c0c45082f08fcc28dcb45c8f95715b5?s=96&d=mm&r=g","caption":"MDI Alumn"},"logo":{"@id":"https:\/\/secure.gravatar.com\/avatar\/b9f2bc9be17c5b6494e3effa114865106c0c45082f08fcc28dcb45c8f95715b5?s=96&d=mm&r=g"}}]}},"_links":{"self":[{"href":"https:\/\/mdiwps.webs.upv.es\/17\/wp-json\/wp\/v2\/pages\/223","targetHints":{"allow":["GET"]}}],"collection":[{"href":"https:\/\/mdiwps.webs.upv.es\/17\/wp-json\/wp\/v2\/pages"}],"about":[{"href":"https:\/\/mdiwps.webs.upv.es\/17\/wp-json\/wp\/v2\/types\/page"}],"author":[{"embeddable":true,"href":"https:\/\/mdiwps.webs.upv.es\/17\/wp-json\/wp\/v2\/users\/2"}],"replies":[{"embeddable":true,"href":"https:\/\/mdiwps.webs.upv.es\/17\/wp-json\/wp\/v2\/comments?post=223"}],"version-history":[{"count":0,"href":"https:\/\/mdiwps.webs.upv.es\/17\/wp-json\/wp\/v2\/pages\/223\/revisions"}],"wp:attachment":[{"href":"https:\/\/mdiwps.webs.upv.es\/17\/wp-json\/wp\/v2\/media?parent=223"}],"curies":[{"name":"wp","href":"https:\/\/api.w.org\/{rel}","templated":true}]}}